{"id":17,"date":"2016-02-22T10:38:31","date_gmt":"2016-02-22T09:38:31","guid":{"rendered":"http:\/\/bridge10.qodeinteractive.com\/?page_id=17"},"modified":"2024-09-06T16:04:43","modified_gmt":"2024-09-06T15:04:43","slug":"about","status":"publish","type":"page","link":"https:\/\/paulabelil.com\/en\/about\/","title":{"rendered":"About me \/ Sobre m\u00ed"},"content":{"rendered":"<div class=\"wp-block-image\">\n<figure class=\"aligncenter\"><img data-recalc-dims=\"1\" loading=\"lazy\" decoding=\"async\" width=\"200\" height=\"300\" src=\"https:\/\/i0.wp.com\/paulabelil.com\/wp-content\/uploads\/Retrato-Paula-web-200x300.jpg?resize=200%2C300\" alt=\"\" class=\"wp-image-1333\" srcset=\"https:\/\/i0.wp.com\/paulabelil.com\/wp-content\/uploads\/Retrato-Paula-web.jpg?resize=200%2C300&amp;ssl=1 200w, https:\/\/i0.wp.com\/paulabelil.com\/wp-content\/uploads\/Retrato-Paula-web.jpg?resize=682%2C1024&amp;ssl=1 682w, https:\/\/i0.wp.com\/paulabelil.com\/wp-content\/uploads\/Retrato-Paula-web.jpg?resize=768%2C1153&amp;ssl=1 768w, https:\/\/i0.wp.com\/paulabelil.com\/wp-content\/uploads\/Retrato-Paula-web.jpg?resize=700%2C1051&amp;ssl=1 700w, https:\/\/i0.wp.com\/paulabelil.com\/wp-content\/uploads\/Retrato-Paula-web.jpg?w=866&amp;ssl=1 866w\" sizes=\"auto, (max-width: 200px) 100vw, 200px\" \/><\/figure>\n<\/div>\n\n\n<div style=\"height:64px\" aria-hidden=\"true\" class=\"wp-block-spacer\"><\/div>\n\n\n\n<p class=\"has-text-align-center\">I was born in Barcelona, and since I was very young I was under the focus of my father&#8217;s video camera. At school, I was the typical one of the class who always took her camera on excursions and captured all the moments and scenes.<br><br>This innate impulse led me to study Audiovisuals and Multimedia and then specialize in Photography. I worked for several years in the advertising industry in Barcelona, until I decided to pursue my true passion: to be the photographer I always wanted to be!<br><br><span style=\"font-size: revert; color: initial;\">Over the years, I have worked in <\/span><strong style=\"font-size: revert; color: initial;\">product, food, lifestyle and family photography<\/strong><span style=\"font-size: revert; color: initial;\">.<\/span><br><br>I love to bring out the creativity in any subject I deal with and make it come true through the lens. I pay a lot of attention to detail and the quality of the end result.<br><br><strong>And you, what would you like to create today?<\/strong><br><br><span style=\"font-size: revert; color: initial;\">I would love to hear about your project! <\/span><a style=\"font-size: revert;\" href=\"http:\/\/paulabelil.com\/contact-2\/\">Send me a message today<\/a><span style=\"font-size: revert; color: initial;\">.<\/span><br><br><em>Paula<\/em><\/p>\n\n\n\n<p class=\"has-text-align-center\"><a href=\"https:\/\/www.instagram.com\/paula.belil\/\"><img data-recalc-dims=\"1\" decoding=\"async\" src=\"https:\/\/i0.wp.com\/paulabelil.com\/wp-content\/uploads\/Instagram_icon.png-copy.png?w=1060&#038;ssl=1\" alt=\"Instagram\">Follow me on Instagram<\/a><br><br><\/p>\n\n\n\n<hr class=\"wp-block-separator has-alpha-channel-opacity\"\/>\n\n\n\n<p class=\"has-text-align-center\"><br><br>Nac\u00ed en Barcelona, y ya desde bien peque\u00f1a estaba bajo el foco de la c\u00e1mara de video de mi padre. En el colegio, era la t\u00edpica de la clase que siempre se llevaba su c\u00e1mara a todas las excursiones e immortilizaba todos los momentos y escenas.<br><br><\/p>\n\n\n\n<p class=\"has-text-align-center\">Este impulso innato me llev\u00f3 a estudiar Audiovisuales y Multimedia, y luego a especializarme en Fotograf\u00eda. Trabaj\u00e9 varios a\u00f1os en la industria de publicidad en Barcelona, hasta que decid\u00ed perseguir mi verdadera pasi\u00f3n: \u00a1ser la fotografa que siempe qu\u00edse!<br><br><\/p>\n\n\n\n<p class=\"has-text-align-center\">A lo largo de varios a\u00f1os, he trabajado en&nbsp;<strong>fotograf\u00eda de producto, gastron\u00f3mica, lifestyle y familia.<\/strong><br><br><\/p>\n\n\n\n<p class=\"has-text-align-center\">Me encanta potenciar la creatividad en cualquier tema que trato y hacerlo realidad a trav\u00e9s de la lente. Presto mucha atenci\u00f3n al detalle y la calidad del resultado.<br><br><\/p>\n\n\n\n<p class=\"has-text-align-center\"><strong>Y t\u00fa, \u00bfqu\u00e9 quieres crear hoy?<\/strong><br><br><\/p>\n\n\n\n<p class=\"has-text-align-center\">\u00a1Me encantar\u00eda escuchar acerca de tu proyecto! Para empezar,&nbsp;<a href=\"https:\/\/web.archive.org\/web\/20230930131221\/https:\/paulabelil.com\/contact-2\/\"><strong>enviame un mensaje<\/strong><\/a>.<br><br><\/p>\n\n\n\n<p class=\"has-text-align-center\"><em>Paula<\/em><\/p>\n\n\n\n<p class=\"has-text-align-center\"><a href=\"https:\/\/www.instagram.com\/paula.belil\/\"><img data-recalc-dims=\"1\" decoding=\"async\" src=\"https:\/\/i0.wp.com\/paulabelil.com\/wp-content\/uploads\/Instagram_icon.png-copy.png?w=1060&#038;ssl=1\" alt=\"Instagram\">Sigueme en Instagram<\/a><\/p>\n\n\n\n<p><\/p>\n\n\n\n<div style=\"height:157px\" aria-hidden=\"true\" class=\"wp-block-spacer\"><\/div>\n\n\n\n<p><\/p>\n","protected":false},"excerpt":{"rendered":"<p>I was born in Barcelona, and since I was very young I was under the focus of my father&#8217;s video camera. At school, I was the typical one of the class who always took her camera on excursions and captured all the moments and scenes&#8230;.<\/p>\n","protected":false},"author":3,"featured_media":0,"parent":0,"menu_order":0,"comment_status":"closed","ping_status":"closed","template":"","meta":{"footnotes":""},"class_list":["post-17","page","type-page","status-publish","hentry"],"jetpack_sharing_enabled":true,"_links":{"self":[{"href":"https:\/\/paulabelil.com\/en\/wp-json\/wp\/v2\/pages\/17","targetHints":{"allow":["GET"]}}],"collection":[{"href":"https:\/\/paulabelil.com\/en\/wp-json\/wp\/v2\/pages"}],"about":[{"href":"https:\/\/paulabelil.com\/en\/wp-json\/wp\/v2\/types\/page"}],"author":[{"embeddable":true,"href":"https:\/\/paulabelil.com\/en\/wp-json\/wp\/v2\/users\/3"}],"replies":[{"embeddable":true,"href":"https:\/\/paulabelil.com\/en\/wp-json\/wp\/v2\/comments?post=17"}],"version-history":[{"count":40,"href":"https:\/\/paulabelil.com\/en\/wp-json\/wp\/v2\/pages\/17\/revisions"}],"predecessor-version":[{"id":1438,"href":"https:\/\/paulabelil.com\/en\/wp-json\/wp\/v2\/pages\/17\/revisions\/1438"}],"wp:attachment":[{"href":"https:\/\/paulabelil.com\/en\/wp-json\/wp\/v2\/media?parent=17"}],"curies":[{"name":"wp","href":"https:\/\/api.w.org\/{rel}","templated":true}]}}